{"id":19,"date":"2022-08-14T23:54:54","date_gmt":"2022-08-14T23:54:54","guid":{"rendered":"https:\/\/annebastian.com\/?page_id=19"},"modified":"2025-09-04T14:31:00","modified_gmt":"2025-09-04T14:31:00","slug":"contact","status":"publish","type":"page","link":"https:\/\/annebastian.com\/es\/contact\/","title":{"rendered":"Contacto"},"content":{"rendered":"\t\t<div data-elementor-type=\"wp-page\" data-elementor-id=\"19\" class=\"elementor elementor-19\" data-elementor-settings=\"{&quot;ha_cmc_init_switcher&quot;:&quot;no&quot;}\" data-elementor-post-type=\"page\">\n\t\t\t\t\t\t<section class=\"elementor-section elementor-top-section elementor-element elementor-element-27f5d3e1 elementor-section-boxed elementor-section-height-default elementor-section-height-default\" data-id=\"27f5d3e1\" data-element_type=\"section\" data-e-type=\"section\" data-settings=\"{&quot;background_background&quot;:&quot;classic&quot;,&quot;_ha_eqh_enable&quot;:false}\">\n\t\t\t\t\t\t<div class=\"elementor-container elementor-column-gap-default\">\n\t\t\t\t\t<div class=\"elementor-column elementor-col-50 elementor-top-column elementor-element elementor-element-a2c7c2b\" data-id=\"a2c7c2b\" data-element_type=\"column\" data-e-type=\"column\">\n\t\t\t<div class=\"elementor-widget-wrap elementor-element-populated\">\n\t\t\t\t\t\t<div class=\"elementor-element elementor-element-96e145c elementor-widget elementor-widget-heading\" data-id=\"96e145c\" data-element_type=\"widget\" data-e-type=\"widget\" data-widget_type=\"heading.default\">\n\t\t\t\t<div class=\"elementor-widget-container\">\n\t\t\t\t\t<h2 class=\"elementor-heading-title elementor-size-default\">Lass uns kennenlernen<\/h2>\t\t\t\t<\/div>\n\t\t\t\t<\/div>\n\t\t\t\t<div class=\"elementor-element elementor-element-0e8bb84 elementor-widget elementor-widget-image\" data-id=\"0e8bb84\" data-element_type=\"widget\" data-e-type=\"widget\" data-widget_type=\"image.default\">\n\t\t\t\t<div class=\"elementor-widget-container\">\n\t\t\t\t\t\t\t\t\t\t\t\t\t\t\t<img fetchpriority=\"high\" decoding=\"async\" width=\"800\" height=\"533\" src=\"https:\/\/annebastian.com\/wp-content\/uploads\/2025\/08\/Businessshooting_Anne_040-1024x682.jpg\" class=\"attachment-large size-large wp-image-2585\" alt=\"\" srcset=\"https:\/\/annebastian.com\/wp-content\/uploads\/2025\/08\/Businessshooting_Anne_040-1024x682.jpg 1024w, https:\/\/annebastian.com\/wp-content\/uploads\/2025\/08\/Businessshooting_Anne_040-300x200.jpg 300w, https:\/\/annebastian.com\/wp-content\/uploads\/2025\/08\/Businessshooting_Anne_040-768x512.jpg 768w, https:\/\/annebastian.com\/wp-content\/uploads\/2025\/08\/Businessshooting_Anne_040-1536x1023.jpg 1536w, https:\/\/annebastian.com\/wp-content\/uploads\/2025\/08\/Businessshooting_Anne_040-2048x1364.jpg 2048w, https:\/\/annebastian.com\/wp-content\/uploads\/2025\/08\/Businessshooting_Anne_040-18x12.jpg 18w\" sizes=\"(max-width: 800px) 100vw, 800px\" \/>\t\t\t\t\t\t\t\t\t\t\t\t\t\t\t<\/div>\n\t\t\t\t<\/div>\n\t\t\t\t\t<\/div>\n\t\t<\/div>\n\t\t\t\t<div class=\"elementor-column elementor-col-50 elementor-top-column elementor-element elementor-element-51d7b382\" data-id=\"51d7b382\" data-element_type=\"column\" data-e-type=\"column\" data-settings=\"{&quot;background_background&quot;:&quot;classic&quot;}\">\n\t\t\t<div class=\"elementor-widget-wrap elementor-element-populated\">\n\t\t\t\t\t\t<section class=\"elementor-section elementor-inner-section elementor-element elementor-element-602163c elementor-section-boxed elementor-section-height-default elementor-section-height-default\" data-id=\"602163c\" data-element_type=\"section\" data-e-type=\"section\" data-settings=\"{&quot;_ha_eqh_enable&quot;:false}\">\n\t\t\t\t\t\t<div class=\"elementor-container elementor-column-gap-default\">\n\t\t\t\t\t<div class=\"elementor-column elementor-col-100 elementor-inner-column elementor-element elementor-element-c71747c\" data-id=\"c71747c\" data-element_type=\"column\" data-e-type=\"column\">\n\t\t\t<div class=\"elementor-widget-wrap elementor-element-populated\">\n\t\t\t\t\t\t<div class=\"elementor-element elementor-element-72151c29 elementor-widget elementor-widget-heading\" data-id=\"72151c29\" data-element_type=\"widget\" data-e-type=\"widget\" data-widget_type=\"heading.default\">\n\t\t\t\t<div class=\"elementor-widget-container\">\n\t\t\t\t\t<h6 class=\"elementor-heading-title elementor-size-default\">Schreib mir gern \u00fcber das Formular oder direkt per E-Mail an kontakt@annebastian.com,\nwenn du ein Erstgespr\u00e4ch vereinbaren oder eine Frage stellen m\u00f6chtest. Ich melde mich so bald wie m\u00f6glich bei dir zur\u00fcck.\nIch freue mich, von dir zu h\u00f6ren!<\/h6>\t\t\t\t<\/div>\n\t\t\t\t<\/div>\n\t\t\t\t<div class=\"elementor-element elementor-element-5cea59e3 elementor-button-align-stretch elementor-widget elementor-widget-form\" data-id=\"5cea59e3\" data-element_type=\"widget\" data-e-type=\"widget\" data-settings=\"{&quot;step_next_label&quot;:&quot;Next&quot;,&quot;step_previous_label&quot;:&quot;Previous&quot;,&quot;button_width&quot;:&quot;100&quot;,&quot;step_type&quot;:&quot;number_text&quot;,&quot;step_icon_shape&quot;:&quot;circle&quot;}\" data-widget_type=\"form.default\">\n\t\t\t\t<div class=\"elementor-widget-container\">\n\t\t\t\t\t\t\t<form class=\"elementor-form\" method=\"post\" name=\"Kontaktformular\" aria-label=\"Kontaktformular\">\n\t\t\t<input type=\"hidden\" name=\"post_id\" value=\"19\"\/>\n\t\t\t<input type=\"hidden\" name=\"form_id\" value=\"5cea59e3\"\/>\n\t\t\t<input type=\"hidden\" name=\"referer_title\" value=\"Anne Bastian \u2013 Potenzial leben, Berufung finden\" \/>\n\n\t\t\t\t\t\t\t<input type=\"hidden\" name=\"queried_id\" value=\"19\"\/>\n\t\t\t\n\t\t\t<div class=\"elementor-form-fields-wrapper elementor-labels-\">\n\t\t\t\t\t\t\t\t<div class=\"elementor-field-type-text elementor-field-group elementor-column elementor-field-group-name elementor-col-100 elementor-field-required\">\n\t\t\t\t\t\t\t\t\t\t\t\t<label for=\"form-field-name\" class=\"elementor-field-label elementor-screen-only\">\n\t\t\t\t\t\t\t\tName\t\t\t\t\t\t\t<\/label>\n\t\t\t\t\t\t\t\t\t\t\t\t\t\t<input size=\"1\" type=\"text\" name=\"form_fields[name]\" id=\"form-field-name\" class=\"elementor-field elementor-size-sm  elementor-field-textual\" placeholder=\"Name\" required=\"required\">\n\t\t\t\t\t\t\t\t\t\t\t<\/div>\n\t\t\t\t\t\t\t\t<div class=\"elementor-field-type-email elementor-field-group elementor-column elementor-field-group-field_57ba02a elementor-col-100\">\n\t\t\t\t\t\t\t\t\t\t\t\t<label for=\"form-field-field_57ba02a\" class=\"elementor-field-label elementor-screen-only\">\n\t\t\t\t\t\t\t\tE-Mail\t\t\t\t\t\t\t<\/label>\n\t\t\t\t\t\t\t\t\t\t\t\t\t\t<input size=\"1\" type=\"email\" name=\"form_fields[field_57ba02a]\" id=\"form-field-field_57ba02a\" class=\"elementor-field elementor-size-sm  elementor-field-textual\" placeholder=\"E-Mail\">\n\t\t\t\t\t\t\t\t\t\t\t<\/div>\n\t\t\t\t\t\t\t\t<div class=\"elementor-field-type-tel elementor-field-group elementor-column elementor-field-group-field_fd76ab5 elementor-col-100\">\n\t\t\t\t\t\t\t\t\t\t\t\t<label for=\"form-field-field_fd76ab5\" class=\"elementor-field-label elementor-screen-only\">\n\t\t\t\t\t\t\t\tPhone\t\t\t\t\t\t\t<\/label>\n\t\t\t\t\t\t\t\t<input size=\"1\" type=\"tel\" name=\"form_fields[field_fd76ab5]\" id=\"form-field-field_fd76ab5\" class=\"elementor-field elementor-size-sm  elementor-field-textual\" placeholder=\"Telefonnummer\" pattern=\"[0-9()#&amp;+*-=.]+\" title=\"Nur Nummern oder Telefon-Zeichen (#, -, *, etc) werden akzeptiert.\">\n\n\t\t\t\t\t\t<\/div>\n\t\t\t\t\t\t\t\t<div class=\"elementor-field-type-textarea elementor-field-group elementor-column elementor-field-group-message elementor-col-100\">\n\t\t\t\t\t\t\t\t\t\t\t\t<label for=\"form-field-message\" class=\"elementor-field-label elementor-screen-only\">\n\t\t\t\t\t\t\t\tMessage\t\t\t\t\t\t\t<\/label>\n\t\t\t\t\t\t<textarea class=\"elementor-field-textual elementor-field  elementor-size-sm\" name=\"form_fields[message]\" id=\"form-field-message\" rows=\"4\" placeholder=\"Deine Nachricht\"><\/textarea>\t\t\t\t<\/div>\n\t\t\t\t\t\t\t\t<div class=\"elementor-field-group elementor-column elementor-field-type-submit elementor-col-100 e-form__buttons\">\n\t\t\t\t\t<button class=\"elementor-button elementor-size-sm\" type=\"submit\">\n\t\t\t\t\t\t<span class=\"elementor-button-content-wrapper\">\n\t\t\t\t\t\t\t\t\t\t\t\t\t\t\t\t\t\t\t\t\t\t<span class=\"elementor-button-text\">Nachricht senden<\/span>\n\t\t\t\t\t\t\t\t\t\t\t\t\t<\/span>\n\t\t\t\t\t<\/button>\n\t\t\t\t<\/div>\n\t\t\t<\/div>\n\t\t<\/form>\n\t\t\t\t\t\t<\/div>\n\t\t\t\t<\/div>\n\t\t\t\t\t<\/div>\n\t\t<\/div>\n\t\t\t\t\t<\/div>\n\t\t<\/section>\n\t\t\t\t\t<\/div>\n\t\t<\/div>\n\t\t\t\t\t<\/div>\n\t\t<\/section>\n\t\t\t\t<\/div>\n\t\t","protected":false},"excerpt":{"rendered":"<p>Lass uns kennenlernen Schreib mir gern \u00fcber das Formular oder direkt per E-Mail an kontakt@annebastian.com, wenn du ein Erstgespr\u00e4ch vereinbaren oder eine Frage stellen m\u00f6chtest. Ich melde mich so bald wie m\u00f6glich bei dir zur\u00fcck. Ich freue mich, von dir zu h\u00f6ren!<\/p>","protected":false},"author":2,"featured_media":0,"parent":0,"menu_order":8,"comment_status":"closed","ping_status":"closed","template":"","meta":{"footnotes":""},"class_list":["post-19","page","type-page","status-publish","hentry"],"yoast_head":"<!-- This site is optimized with the Yoast SEO plugin v27.4 - https:\/\/yoast.com\/product\/yoast-seo-wordpress\/ -->\n<title>Anne Bastian \u2013 Potenzial leben, Berufung finden<\/title>\n<meta name=\"description\" content=\"Mit Klarheit und Vertrauen deinen Weg gestalten: Coaching f\u00fcr berufliche Orientierung, innere St\u00e4rke und erf\u00fcllende Entscheidungen.\" \/>\n<meta name=\"robots\" content=\"index, follow, max-snippet:-1, max-image-preview:large, max-video-preview:-1\" \/>\n<link rel=\"canonical\" href=\"https:\/\/annebastian.com\/es\/contact\/\" \/>\n<meta property=\"og:locale\" content=\"es_ES\" \/>\n<meta property=\"og:type\" content=\"article\" \/>\n<meta property=\"og:title\" content=\"Anne Bastian \u2013 Potenzial leben, Berufung finden\" \/>\n<meta property=\"og:description\" content=\"Mit Klarheit und Vertrauen deinen Weg gestalten: Coaching f\u00fcr berufliche Orientierung, innere St\u00e4rke und erf\u00fcllende Entscheidungen.\" \/>\n<meta property=\"og:url\" content=\"https:\/\/annebastian.com\/es\/contact\/\" \/>\n<meta property=\"og:site_name\" content=\"Anne Bastian Coaching\" \/>\n<meta property=\"article:modified_time\" content=\"2025-09-04T14:31:00+00:00\" \/>\n<meta property=\"og:image\" content=\"https:\/\/annebastian.com\/wp-content\/uploads\/2025\/08\/Businessshooting_Anne_040-1024x682.jpg\" \/>\n<meta name=\"twitter:card\" content=\"summary_large_image\" \/>\n<script type=\"application\/ld+json\" class=\"yoast-schema-graph\">{\"@context\":\"https:\\\/\\\/schema.org\",\"@graph\":[{\"@type\":\"WebPage\",\"@id\":\"https:\\\/\\\/annebastian.com\\\/contact\\\/\",\"url\":\"https:\\\/\\\/annebastian.com\\\/contact\\\/\",\"name\":\"Anne Bastian \u2013 Potenzial leben, Berufung finden\",\"isPartOf\":{\"@id\":\"https:\\\/\\\/annebastian.com\\\/#website\"},\"primaryImageOfPage\":{\"@id\":\"https:\\\/\\\/annebastian.com\\\/contact\\\/#primaryimage\"},\"image\":{\"@id\":\"https:\\\/\\\/annebastian.com\\\/contact\\\/#primaryimage\"},\"thumbnailUrl\":\"https:\\\/\\\/annebastian.com\\\/wp-content\\\/uploads\\\/2025\\\/08\\\/Businessshooting_Anne_040-1024x682.jpg\",\"datePublished\":\"2022-08-14T23:54:54+00:00\",\"dateModified\":\"2025-09-04T14:31:00+00:00\",\"description\":\"Mit Klarheit und Vertrauen deinen Weg gestalten: Coaching f\u00fcr berufliche Orientierung, innere St\u00e4rke und erf\u00fcllende Entscheidungen.\",\"breadcrumb\":{\"@id\":\"https:\\\/\\\/annebastian.com\\\/contact\\\/#breadcrumb\"},\"inLanguage\":\"es\",\"potentialAction\":[{\"@type\":\"ReadAction\",\"target\":[\"https:\\\/\\\/annebastian.com\\\/contact\\\/\"]}]},{\"@type\":\"ImageObject\",\"inLanguage\":\"es\",\"@id\":\"https:\\\/\\\/annebastian.com\\\/contact\\\/#primaryimage\",\"url\":\"https:\\\/\\\/annebastian.com\\\/wp-content\\\/uploads\\\/2025\\\/08\\\/Businessshooting_Anne_040-1024x682.jpg\",\"contentUrl\":\"https:\\\/\\\/annebastian.com\\\/wp-content\\\/uploads\\\/2025\\\/08\\\/Businessshooting_Anne_040-1024x682.jpg\"},{\"@type\":\"BreadcrumbList\",\"@id\":\"https:\\\/\\\/annebastian.com\\\/contact\\\/#breadcrumb\",\"itemListElement\":[{\"@type\":\"ListItem\",\"position\":1,\"name\":\"Startseite\",\"item\":\"https:\\\/\\\/annebastian.com\\\/\"},{\"@type\":\"ListItem\",\"position\":2,\"name\":\"Kontakt\"}]},{\"@type\":\"WebSite\",\"@id\":\"https:\\\/\\\/annebastian.com\\\/#website\",\"url\":\"https:\\\/\\\/annebastian.com\\\/\",\"name\":\"Anne Bastian Coaching\",\"description\":\"Dein Kompass f&uuml;r berufliche Ver&auml;nderung\",\"publisher\":{\"@id\":\"https:\\\/\\\/annebastian.com\\\/#\\\/schema\\\/person\\\/1556eb625741a3e8f0dc5522bc4de5da\"},\"potentialAction\":[{\"@type\":\"SearchAction\",\"target\":{\"@type\":\"EntryPoint\",\"urlTemplate\":\"https:\\\/\\\/annebastian.com\\\/?s={search_term_string}\"},\"query-input\":{\"@type\":\"PropertyValueSpecification\",\"valueRequired\":true,\"valueName\":\"search_term_string\"}}],\"inLanguage\":\"es\"},{\"@type\":[\"Person\",\"Organization\"],\"@id\":\"https:\\\/\\\/annebastian.com\\\/#\\\/schema\\\/person\\\/1556eb625741a3e8f0dc5522bc4de5da\",\"name\":\"Anne.Bastian\",\"image\":{\"@type\":\"ImageObject\",\"inLanguage\":\"es\",\"@id\":\"https:\\\/\\\/annebastian.com\\\/wp-content\\\/uploads\\\/2025\\\/08\\\/Businessshooting_Anne_023-scaled-e1756462900356.jpg\",\"url\":\"https:\\\/\\\/annebastian.com\\\/wp-content\\\/uploads\\\/2025\\\/08\\\/Businessshooting_Anne_023-scaled-e1756462900356.jpg\",\"contentUrl\":\"https:\\\/\\\/annebastian.com\\\/wp-content\\\/uploads\\\/2025\\\/08\\\/Businessshooting_Anne_023-scaled-e1756462900356.jpg\",\"width\":1940,\"height\":1685,\"caption\":\"Anne.Bastian\"},\"logo\":{\"@id\":\"https:\\\/\\\/annebastian.com\\\/wp-content\\\/uploads\\\/2025\\\/08\\\/Businessshooting_Anne_023-scaled-e1756462900356.jpg\"}}]}<\/script>\n<!-- \/ Yoast SEO plugin. -->","yoast_head_json":{"title":"Anne Bastian \u2013 Potenzial leben, Berufung finden","description":"Mit Klarheit und Vertrauen deinen Weg gestalten: Coaching f\u00fcr berufliche Orientierung, innere St\u00e4rke und erf\u00fcllende Entscheidungen.","robots":{"index":"index","follow":"follow","max-snippet":"max-snippet:-1","max-image-preview":"max-image-preview:large","max-video-preview":"max-video-preview:-1"},"canonical":"https:\/\/annebastian.com\/es\/contact\/","og_locale":"es_ES","og_type":"article","og_title":"Anne Bastian \u2013 Potenzial leben, Berufung finden","og_description":"Mit Klarheit und Vertrauen deinen Weg gestalten: Coaching f\u00fcr berufliche Orientierung, innere St\u00e4rke und erf\u00fcllende Entscheidungen.","og_url":"https:\/\/annebastian.com\/es\/contact\/","og_site_name":"Anne Bastian Coaching","article_modified_time":"2025-09-04T14:31:00+00:00","og_image":[{"url":"https:\/\/annebastian.com\/wp-content\/uploads\/2025\/08\/Businessshooting_Anne_040-1024x682.jpg","type":"","width":"","height":""}],"twitter_card":"summary_large_image","schema":{"@context":"https:\/\/schema.org","@graph":[{"@type":"WebPage","@id":"https:\/\/annebastian.com\/contact\/","url":"https:\/\/annebastian.com\/contact\/","name":"Anne Bastian \u2013 Potenzial leben, Berufung finden","isPartOf":{"@id":"https:\/\/annebastian.com\/#website"},"primaryImageOfPage":{"@id":"https:\/\/annebastian.com\/contact\/#primaryimage"},"image":{"@id":"https:\/\/annebastian.com\/contact\/#primaryimage"},"thumbnailUrl":"https:\/\/annebastian.com\/wp-content\/uploads\/2025\/08\/Businessshooting_Anne_040-1024x682.jpg","datePublished":"2022-08-14T23:54:54+00:00","dateModified":"2025-09-04T14:31:00+00:00","description":"Mit Klarheit und Vertrauen deinen Weg gestalten: Coaching f\u00fcr berufliche Orientierung, innere St\u00e4rke und erf\u00fcllende Entscheidungen.","breadcrumb":{"@id":"https:\/\/annebastian.com\/contact\/#breadcrumb"},"inLanguage":"es","potentialAction":[{"@type":"ReadAction","target":["https:\/\/annebastian.com\/contact\/"]}]},{"@type":"ImageObject","inLanguage":"es","@id":"https:\/\/annebastian.com\/contact\/#primaryimage","url":"https:\/\/annebastian.com\/wp-content\/uploads\/2025\/08\/Businessshooting_Anne_040-1024x682.jpg","contentUrl":"https:\/\/annebastian.com\/wp-content\/uploads\/2025\/08\/Businessshooting_Anne_040-1024x682.jpg"},{"@type":"BreadcrumbList","@id":"https:\/\/annebastian.com\/contact\/#breadcrumb","itemListElement":[{"@type":"ListItem","position":1,"name":"Startseite","item":"https:\/\/annebastian.com\/"},{"@type":"ListItem","position":2,"name":"Kontakt"}]},{"@type":"WebSite","@id":"https:\/\/annebastian.com\/#website","url":"https:\/\/annebastian.com\/","name":"Anne Bastian Coaching","description":"Dein Kompass f&uuml;r berufliche Ver&auml;nderung","publisher":{"@id":"https:\/\/annebastian.com\/#\/schema\/person\/1556eb625741a3e8f0dc5522bc4de5da"},"potentialAction":[{"@type":"SearchAction","target":{"@type":"EntryPoint","urlTemplate":"https:\/\/annebastian.com\/?s={search_term_string}"},"query-input":{"@type":"PropertyValueSpecification","valueRequired":true,"valueName":"search_term_string"}}],"inLanguage":"es"},{"@type":["Person","Organization"],"@id":"https:\/\/annebastian.com\/#\/schema\/person\/1556eb625741a3e8f0dc5522bc4de5da","name":"Anne.Bastian","image":{"@type":"ImageObject","inLanguage":"es","@id":"https:\/\/annebastian.com\/wp-content\/uploads\/2025\/08\/Businessshooting_Anne_023-scaled-e1756462900356.jpg","url":"https:\/\/annebastian.com\/wp-content\/uploads\/2025\/08\/Businessshooting_Anne_023-scaled-e1756462900356.jpg","contentUrl":"https:\/\/annebastian.com\/wp-content\/uploads\/2025\/08\/Businessshooting_Anne_023-scaled-e1756462900356.jpg","width":1940,"height":1685,"caption":"Anne.Bastian"},"logo":{"@id":"https:\/\/annebastian.com\/wp-content\/uploads\/2025\/08\/Businessshooting_Anne_023-scaled-e1756462900356.jpg"}}]}},"_links":{"self":[{"href":"https:\/\/annebastian.com\/es\/wp-json\/wp\/v2\/pages\/19","targetHints":{"allow":["GET"]}}],"collection":[{"href":"https:\/\/annebastian.com\/es\/wp-json\/wp\/v2\/pages"}],"about":[{"href":"https:\/\/annebastian.com\/es\/wp-json\/wp\/v2\/types\/page"}],"author":[{"embeddable":true,"href":"https:\/\/annebastian.com\/es\/wp-json\/wp\/v2\/users\/2"}],"replies":[{"embeddable":true,"href":"https:\/\/annebastian.com\/es\/wp-json\/wp\/v2\/comments?post=19"}],"version-history":[{"count":90,"href":"https:\/\/annebastian.com\/es\/wp-json\/wp\/v2\/pages\/19\/revisions"}],"predecessor-version":[{"id":3147,"href":"https:\/\/annebastian.com\/es\/wp-json\/wp\/v2\/pages\/19\/revisions\/3147"}],"wp:attachment":[{"href":"https:\/\/annebastian.com\/es\/wp-json\/wp\/v2\/media?parent=19"}],"curies":[{"name":"wp","href":"https:\/\/api.w.org\/{rel}","templated":true}]}}