{"id":2748,"date":"2025-08-29T07:52:40","date_gmt":"2025-08-29T07:52:40","guid":{"rendered":"https:\/\/annebastian.com\/?page_id=2748"},"modified":"2025-10-06T10:29:40","modified_gmt":"2025-10-06T10:29:40","slug":"impressum","status":"publish","type":"page","link":"https:\/\/annebastian.com\/es\/impressum\/","title":{"rendered":"Aviso legal"},"content":{"rendered":"<div data-elementor-type=\"wp-page\" data-elementor-id=\"2748\" class=\"elementor elementor-2748\" data-elementor-settings=\"{&quot;ha_cmc_init_switcher&quot;:&quot;no&quot;}\" data-elementor-post-type=\"page\">\n\t\t\t\t\t\t<section class=\"elementor-section elementor-top-section elementor-element elementor-element-072ae5a elementor-section-boxed elementor-section-height-default elementor-section-height-default\" data-id=\"072ae5a\" data-element_type=\"section\" data-e-type=\"section\" data-settings=\"{&quot;background_background&quot;:&quot;classic&quot;,&quot;_ha_eqh_enable&quot;:false}\">\n\t\t\t\t\t\t<div class=\"elementor-container elementor-column-gap-default\">\n\t\t\t\t\t<div class=\"elementor-column elementor-col-100 elementor-top-column elementor-element elementor-element-8583885\" data-id=\"8583885\" data-element_type=\"column\" data-e-type=\"column\">\n\t\t\t<div class=\"elementor-widget-wrap elementor-element-populated\">\n\t\t\t\t\t\t<div class=\"elementor-element elementor-element-918230e elementor-widget elementor-widget-heading\" data-id=\"918230e\" data-element_type=\"widget\" data-e-type=\"widget\" data-widget_type=\"heading.default\">\n\t\t\t\t<div class=\"elementor-widget-container\">\n\t\t\t\t\t<h2 class=\"elementor-heading-title elementor-size-default\">Aviso legal<\/h2>\t\t\t\t<\/div>\n\t\t\t\t<\/div>\n\t\t\t\t<div class=\"elementor-element elementor-element-11067d2 elementor-widget elementor-widget-text-editor\" data-id=\"11067d2\" data-element_type=\"widget\" data-e-type=\"widget\" data-widget_type=\"text-editor.default\">\n\t\t\t\t<div class=\"elementor-widget-container\">\n\t\t\t\t\t\t\t\t\t<p>Anne Bastian<br>Schanzenstra\u00dfe 27<br>01097 Dresden<\/p>\t\t\t\t\t\t\t\t<\/div>\n\t\t\t\t<\/div>\n\t\t\t\t<div class=\"elementor-element elementor-element-1d4483f elementor-widget elementor-widget-heading\" data-id=\"1d4483f\" data-element_type=\"widget\" data-e-type=\"widget\" data-widget_type=\"heading.default\">\n\t\t\t\t<div class=\"elementor-widget-container\">\n\t\t\t\t\t<h2 class=\"elementor-heading-title elementor-size-default\">Contacto<\/h2>\t\t\t\t<\/div>\n\t\t\t\t<\/div>\n\t\t\t\t<div class=\"elementor-element elementor-element-a4fb27e elementor-widget elementor-widget-text-editor\" data-id=\"a4fb27e\" data-element_type=\"widget\" data-e-type=\"widget\" data-widget_type=\"text-editor.default\">\n\t\t\t\t<div class=\"elementor-widget-container\">\n\t\t\t\t\t\t\t\t\t<p>Telefon: +49\u00a0163\u00a04038495<br \/><em>Ich bevorzuge den Kontakt per E-Mail. So kann ich konzentriert arbeiten und dir in Ruhe antworten. Danke f\u00fcr dein Verst\u00e4ndnis!<br \/><\/em><\/p><p>E-Mail: kontakt@annebastian.com<\/p>\t\t\t\t\t\t\t\t<\/div>\n\t\t\t\t<\/div>\n\t\t\t\t<div class=\"elementor-element elementor-element-dc43675 elementor-widget elementor-widget-heading\" data-id=\"dc43675\" data-element_type=\"widget\" data-e-type=\"widget\" data-widget_type=\"heading.default\">\n\t\t\t\t<div class=\"elementor-widget-container\">\n\t\t\t\t\t<h2 class=\"elementor-heading-title elementor-size-default\"><p style=\"white-space: normal\">Wirtschaftsidentifikationsnummer<span style=\"font-family: var( --e-global-typography-secondary-font-family ), Sans-serif;font-size: var( --e-global-typography-secondary-font-size );font-style: var( --e-global-typography-secondary-font-style );text-transform: var( --e-global-typography-primary-text-transform );white-space: pre-wrap\"><\/span><\/p><\/h2>\t\t\t\t<\/div>\n\t\t\t\t<\/div>\n\t\t\t\t<div class=\"elementor-element elementor-element-fe41464 elementor-widget elementor-widget-text-editor\" data-id=\"fe41464\" data-element_type=\"widget\" data-e-type=\"widget\" data-widget_type=\"text-editor.default\">\n\t\t\t\t<div class=\"elementor-widget-container\">\n\t\t\t\t\t\t\t\t\t<p>DE454862763-00001<\/p>\t\t\t\t\t\t\t\t<\/div>\n\t\t\t\t<\/div>\n\t\t\t\t<div class=\"elementor-element elementor-element-24fd9a6 elementor-widget elementor-widget-heading\" data-id=\"24fd9a6\" data-element_type=\"widget\" data-e-type=\"widget\" data-widget_type=\"heading.default\">\n\t\t\t\t<div class=\"elementor-widget-container\">\n\t\t\t\t\t<h2 class=\"elementor-heading-title elementor-size-default\">Verbraucherstreitbeilegung\/Universalschlichtungsstelle<\/h2>\t\t\t\t<\/div>\n\t\t\t\t<\/div>\n\t\t\t\t<div class=\"elementor-element elementor-element-ab610ca elementor-widget elementor-widget-text-editor\" data-id=\"ab610ca\" data-element_type=\"widget\" data-e-type=\"widget\" data-widget_type=\"text-editor.default\">\n\t\t\t\t<div class=\"elementor-widget-container\">\n\t\t\t\t\t\t\t\t\t<p>Wir sind nicht bereit oder verpflichtet, an Streitbeilegungsverfahren vor einer Verbraucherschlichtungsstelle teilzunehmen.<\/p>\t\t\t\t\t\t\t\t<\/div>\n\t\t\t\t<\/div>\n\t\t\t\t<div class=\"elementor-element elementor-element-1bc23c4 elementor-widget elementor-widget-heading\" data-id=\"1bc23c4\" data-element_type=\"widget\" data-e-type=\"widget\" data-widget_type=\"heading.default\">\n\t\t\t\t<div class=\"elementor-widget-container\">\n\t\t\t\t\t<h2 class=\"elementor-heading-title elementor-size-default\">Haftungsausschluss<\/h2>\t\t\t\t<\/div>\n\t\t\t\t<\/div>\n\t\t\t\t<div class=\"elementor-element elementor-element-1e719b5 elementor-widget elementor-widget-text-editor\" data-id=\"1e719b5\" data-element_type=\"widget\" data-e-type=\"widget\" data-widget_type=\"text-editor.default\">\n\t\t\t\t<div class=\"elementor-widget-container\">\n\t\t\t\t\t\t\t\t\t<p>Trotz sorgf\u00e4ltiger inhaltlicher Kontrolle \u00fcbernehme ich keine Haftung f\u00fcr die Inhalte externer Links. F\u00fcr den Inhalt der verlinkten Seiten sind ausschlie\u00dflich deren Betreiber verantwortlich.<\/p><p>\u200d<\/p>\t\t\t\t\t\t\t\t<\/div>\n\t\t\t\t<\/div>\n\t\t\t\t\t<\/div>\n\t\t<\/div>\n\t\t\t\t\t<\/div>\n\t\t<\/section>\n\t\t\t\t<\/div>","protected":false},"excerpt":{"rendered":"<p>Impressum Anne BastianSchanzenstra\u00dfe 2701097 Dresden Kontakt Telefon: +49\u00a0163\u00a04038495Ich bevorzuge den Kontakt per E-Mail. So kann ich konzentriert arbeiten und dir in Ruhe antworten. Danke f\u00fcr dein Verst\u00e4ndnis! E-Mail: kontakt@annebastian.com Wirtschaftsidentifikationsnummer DE454862763-00001 Verbraucherstreitbeilegung\/Universalschlichtungsstelle Wir sind nicht bereit oder verpflichtet, an Streitbeilegungsverfahren vor einer Verbraucherschlichtungsstelle teilzunehmen. Haftungsausschluss Trotz sorgf\u00e4ltiger inhaltlicher Kontrolle \u00fcbernehme ich keine Haftung f\u00fcr die [&hellip;]<\/p>\n","protected":false},"author":2,"featured_media":0,"parent":0,"menu_order":0,"comment_status":"closed","ping_status":"closed","template":"","meta":{"footnotes":""},"class_list":["post-2748","page","type-page","status-publish","hentry"],"yoast_head":"<!-- This site is optimized with the Yoast SEO plugin v27.4 - https:\/\/yoast.com\/product\/yoast-seo-wordpress\/ -->\n<title>Anne Bastian \u2013 Potenzial leben, Berufung finden<\/title>\n<meta name=\"description\" content=\"Mit Klarheit und Vertrauen deinen Weg gestalten: Coaching f\u00fcr berufliche Orientierung, innere St\u00e4rke und erf\u00fcllende Entscheidungen.\" \/>\n<meta name=\"robots\" content=\"index, follow, max-snippet:-1, max-image-preview:large, max-video-preview:-1\" \/>\n<link rel=\"canonical\" href=\"https:\/\/annebastian.com\/es\/impressum\/\" \/>\n<meta property=\"og:locale\" content=\"es_ES\" \/>\n<meta property=\"og:type\" content=\"article\" \/>\n<meta property=\"og:title\" content=\"Anne Bastian \u2013 Potenzial leben, Berufung finden\" \/>\n<meta property=\"og:description\" content=\"Mit Klarheit und Vertrauen deinen Weg gestalten: Coaching f\u00fcr berufliche Orientierung, innere St\u00e4rke und erf\u00fcllende Entscheidungen.\" \/>\n<meta property=\"og:url\" content=\"https:\/\/annebastian.com\/es\/impressum\/\" \/>\n<meta property=\"og:site_name\" content=\"Anne Bastian Coaching\" \/>\n<meta property=\"article:modified_time\" content=\"2025-10-06T10:29:40+00:00\" \/>\n<meta property=\"og:image\" content=\"https:\/\/annebastian.com\/wp-content\/uploads\/2025\/08\/Businessshooting_Anne_023-scaled-e1756462900356.jpg\" \/>\n\t<meta property=\"og:image:width\" content=\"1940\" \/>\n\t<meta property=\"og:image:height\" content=\"1685\" \/>\n\t<meta property=\"og:image:type\" content=\"image\/jpeg\" \/>\n<meta name=\"twitter:card\" content=\"summary_large_image\" \/>\n<meta name=\"twitter:label1\" content=\"Tiempo de lectura\" \/>\n\t<meta name=\"twitter:data1\" content=\"1 minuto\" \/>\n<script type=\"application\/ld+json\" class=\"yoast-schema-graph\">{\"@context\":\"https:\\\/\\\/schema.org\",\"@graph\":[{\"@type\":\"WebPage\",\"@id\":\"https:\\\/\\\/annebastian.com\\\/impressum\\\/\",\"url\":\"https:\\\/\\\/annebastian.com\\\/impressum\\\/\",\"name\":\"Anne Bastian \u2013 Potenzial leben, Berufung finden\",\"isPartOf\":{\"@id\":\"https:\\\/\\\/annebastian.com\\\/#website\"},\"datePublished\":\"2025-08-29T07:52:40+00:00\",\"dateModified\":\"2025-10-06T10:29:40+00:00\",\"description\":\"Mit Klarheit und Vertrauen deinen Weg gestalten: Coaching f\u00fcr berufliche Orientierung, innere St\u00e4rke und erf\u00fcllende Entscheidungen.\",\"breadcrumb\":{\"@id\":\"https:\\\/\\\/annebastian.com\\\/impressum\\\/#breadcrumb\"},\"inLanguage\":\"es\",\"potentialAction\":[{\"@type\":\"ReadAction\",\"target\":[\"https:\\\/\\\/annebastian.com\\\/impressum\\\/\"]}]},{\"@type\":\"BreadcrumbList\",\"@id\":\"https:\\\/\\\/annebastian.com\\\/impressum\\\/#breadcrumb\",\"itemListElement\":[{\"@type\":\"ListItem\",\"position\":1,\"name\":\"Startseite\",\"item\":\"https:\\\/\\\/annebastian.com\\\/\"},{\"@type\":\"ListItem\",\"position\":2,\"name\":\"Impressum\"}]},{\"@type\":\"WebSite\",\"@id\":\"https:\\\/\\\/annebastian.com\\\/#website\",\"url\":\"https:\\\/\\\/annebastian.com\\\/\",\"name\":\"Anne Bastian Coaching\",\"description\":\"Dein Kompass f&uuml;r berufliche Ver&auml;nderung\",\"publisher\":{\"@id\":\"https:\\\/\\\/annebastian.com\\\/#\\\/schema\\\/person\\\/1556eb625741a3e8f0dc5522bc4de5da\"},\"potentialAction\":[{\"@type\":\"SearchAction\",\"target\":{\"@type\":\"EntryPoint\",\"urlTemplate\":\"https:\\\/\\\/annebastian.com\\\/?s={search_term_string}\"},\"query-input\":{\"@type\":\"PropertyValueSpecification\",\"valueRequired\":true,\"valueName\":\"search_term_string\"}}],\"inLanguage\":\"es\"},{\"@type\":[\"Person\",\"Organization\"],\"@id\":\"https:\\\/\\\/annebastian.com\\\/#\\\/schema\\\/person\\\/1556eb625741a3e8f0dc5522bc4de5da\",\"name\":\"Anne.Bastian\",\"image\":{\"@type\":\"ImageObject\",\"inLanguage\":\"es\",\"@id\":\"https:\\\/\\\/annebastian.com\\\/wp-content\\\/uploads\\\/2025\\\/08\\\/Businessshooting_Anne_023-scaled-e1756462900356.jpg\",\"url\":\"https:\\\/\\\/annebastian.com\\\/wp-content\\\/uploads\\\/2025\\\/08\\\/Businessshooting_Anne_023-scaled-e1756462900356.jpg\",\"contentUrl\":\"https:\\\/\\\/annebastian.com\\\/wp-content\\\/uploads\\\/2025\\\/08\\\/Businessshooting_Anne_023-scaled-e1756462900356.jpg\",\"width\":1940,\"height\":1685,\"caption\":\"Anne.Bastian\"},\"logo\":{\"@id\":\"https:\\\/\\\/annebastian.com\\\/wp-content\\\/uploads\\\/2025\\\/08\\\/Businessshooting_Anne_023-scaled-e1756462900356.jpg\"}}]}<\/script>\n<!-- \/ Yoast SEO plugin. -->","yoast_head_json":{"title":"Anne Bastian \u2013 Potenzial leben, Berufung finden","description":"Mit Klarheit und Vertrauen deinen Weg gestalten: Coaching f\u00fcr berufliche Orientierung, innere St\u00e4rke und erf\u00fcllende Entscheidungen.","robots":{"index":"index","follow":"follow","max-snippet":"max-snippet:-1","max-image-preview":"max-image-preview:large","max-video-preview":"max-video-preview:-1"},"canonical":"https:\/\/annebastian.com\/es\/impressum\/","og_locale":"es_ES","og_type":"article","og_title":"Anne Bastian \u2013 Potenzial leben, Berufung finden","og_description":"Mit Klarheit und Vertrauen deinen Weg gestalten: Coaching f\u00fcr berufliche Orientierung, innere St\u00e4rke und erf\u00fcllende Entscheidungen.","og_url":"https:\/\/annebastian.com\/es\/impressum\/","og_site_name":"Anne Bastian Coaching","article_modified_time":"2025-10-06T10:29:40+00:00","og_image":[{"width":1940,"height":1685,"url":"https:\/\/annebastian.com\/wp-content\/uploads\/2025\/08\/Businessshooting_Anne_023-scaled-e1756462900356.jpg","type":"image\/jpeg"}],"twitter_card":"summary_large_image","twitter_misc":{"Tiempo de lectura":"1 minuto"},"schema":{"@context":"https:\/\/schema.org","@graph":[{"@type":"WebPage","@id":"https:\/\/annebastian.com\/impressum\/","url":"https:\/\/annebastian.com\/impressum\/","name":"Anne Bastian \u2013 Potenzial leben, Berufung finden","isPartOf":{"@id":"https:\/\/annebastian.com\/#website"},"datePublished":"2025-08-29T07:52:40+00:00","dateModified":"2025-10-06T10:29:40+00:00","description":"Mit Klarheit und Vertrauen deinen Weg gestalten: Coaching f\u00fcr berufliche Orientierung, innere St\u00e4rke und erf\u00fcllende Entscheidungen.","breadcrumb":{"@id":"https:\/\/annebastian.com\/impressum\/#breadcrumb"},"inLanguage":"es","potentialAction":[{"@type":"ReadAction","target":["https:\/\/annebastian.com\/impressum\/"]}]},{"@type":"BreadcrumbList","@id":"https:\/\/annebastian.com\/impressum\/#breadcrumb","itemListElement":[{"@type":"ListItem","position":1,"name":"Startseite","item":"https:\/\/annebastian.com\/"},{"@type":"ListItem","position":2,"name":"Impressum"}]},{"@type":"WebSite","@id":"https:\/\/annebastian.com\/#website","url":"https:\/\/annebastian.com\/","name":"Anne Bastian Coaching","description":"Dein Kompass f&uuml;r berufliche Ver&auml;nderung","publisher":{"@id":"https:\/\/annebastian.com\/#\/schema\/person\/1556eb625741a3e8f0dc5522bc4de5da"},"potentialAction":[{"@type":"SearchAction","target":{"@type":"EntryPoint","urlTemplate":"https:\/\/annebastian.com\/?s={search_term_string}"},"query-input":{"@type":"PropertyValueSpecification","valueRequired":true,"valueName":"search_term_string"}}],"inLanguage":"es"},{"@type":["Person","Organization"],"@id":"https:\/\/annebastian.com\/#\/schema\/person\/1556eb625741a3e8f0dc5522bc4de5da","name":"Anne.Bastian","image":{"@type":"ImageObject","inLanguage":"es","@id":"https:\/\/annebastian.com\/wp-content\/uploads\/2025\/08\/Businessshooting_Anne_023-scaled-e1756462900356.jpg","url":"https:\/\/annebastian.com\/wp-content\/uploads\/2025\/08\/Businessshooting_Anne_023-scaled-e1756462900356.jpg","contentUrl":"https:\/\/annebastian.com\/wp-content\/uploads\/2025\/08\/Businessshooting_Anne_023-scaled-e1756462900356.jpg","width":1940,"height":1685,"caption":"Anne.Bastian"},"logo":{"@id":"https:\/\/annebastian.com\/wp-content\/uploads\/2025\/08\/Businessshooting_Anne_023-scaled-e1756462900356.jpg"}}]}},"_links":{"self":[{"href":"https:\/\/annebastian.com\/es\/wp-json\/wp\/v2\/pages\/2748","targetHints":{"allow":["GET"]}}],"collection":[{"href":"https:\/\/annebastian.com\/es\/wp-json\/wp\/v2\/pages"}],"about":[{"href":"https:\/\/annebastian.com\/es\/wp-json\/wp\/v2\/types\/page"}],"author":[{"embeddable":true,"href":"https:\/\/annebastian.com\/es\/wp-json\/wp\/v2\/users\/2"}],"replies":[{"embeddable":true,"href":"https:\/\/annebastian.com\/es\/wp-json\/wp\/v2\/comments?post=2748"}],"version-history":[{"count":20,"href":"https:\/\/annebastian.com\/es\/wp-json\/wp\/v2\/pages\/2748\/revisions"}],"predecessor-version":[{"id":3209,"href":"https:\/\/annebastian.com\/es\/wp-json\/wp\/v2\/pages\/2748\/revisions\/3209"}],"wp:attachment":[{"href":"https:\/\/annebastian.com\/es\/wp-json\/wp\/v2\/media?parent=2748"}],"curies":[{"name":"wp","href":"https:\/\/api.w.org\/{rel}","templated":true}]}}